{"id":3,"date":"2022-03-21T14:17:52","date_gmt":"2022-03-21T14:17:52","guid":{"rendered":"https:\/\/wegg.it\/?page_id=3"},"modified":"2023-05-19T12:08:03","modified_gmt":"2023-05-19T12:08:03","slug":"privacy-policy","status":"publish","type":"page","link":"https:\/\/wegg.it\/eng\/privacy-policy\/","title":{"rendered":"Privacy Policy"},"content":{"rendered":"<div data-elementor-type=\"wp-page\" data-elementor-id=\"3\" class=\"elementor elementor-3\" data-elementor-post-type=\"page\">\n\t\t\t\t\t\t<section class=\"elementor-section elementor-top-section elementor-element elementor-element-6589aef elementor-section-boxed elementor-section-height-default elementor-section-height-default\" data-id=\"6589aef\" data-element_type=\"section\" data-e-type=\"section\" data-settings=\"{&quot;background_background&quot;:&quot;classic&quot;}\">\n\t\t\t\t\t\t<div class=\"elementor-container elementor-column-gap-default\">\n\t\t\t\t\t<div class=\"elementor-column elementor-col-100 elementor-top-column elementor-element elementor-element-4c65d03\" data-id=\"4c65d03\" data-element_type=\"column\" data-e-type=\"column\" data-settings=\"{&quot;background_background&quot;:&quot;classic&quot;}\">\n\t\t\t<div class=\"elementor-widget-wrap elementor-element-populated\">\n\t\t\t\t\t\t<div class=\"elementor-element elementor-element-3d8c51a elementor-widget elementor-widget-heading\" data-id=\"3d8c51a\" data-element_type=\"widget\" data-e-type=\"widget\" data-widget_type=\"heading.default\">\n\t\t\t\t<div class=\"elementor-widget-container\">\n\t\t\t\t\t<h2 class=\"elementor-heading-title elementor-size-default\">Benvenuto sul nostro sito web: ti preghiamo di leggere attentamente la nostra Privacy Policy (d\u2019ora in avanti \u201cPolicy\u201d), che si applica in ogni caso in cui tu acceda al Sito e decida di navigare al suo interno e\/o di utilizzare i suoi servizi, anche indipendentemente dall\u2019acquisto di prodotti.<\/h2>\t\t\t\t<\/div>\n\t\t\t\t<\/div>\n\t\t\t\t<div class=\"elementor-element elementor-element-5996339 elementor-widget elementor-widget-text-editor\" data-id=\"5996339\" data-element_type=\"widget\" data-e-type=\"widget\" data-widget_type=\"text-editor.default\">\n\t\t\t\t<div class=\"elementor-widget-container\">\n\t\t\t\t\t\t\t\t\t<p><span style=\"color: var( --e-global-color-text ); font-family: var( --e-global-typography-text-font-family ), Sans-serif; font-weight: var( --e-global-typography-text-font-weight );\">Questa Privacy Policy descrive i dati personali raccolti o generati (elaborati) quando si utilizzano i siti web del Titolare del trattamento, d\u2019ora in avanti \u201cSiti\u201d). Questa Policy descrive le tipologie di dati personali che vengono raccolti al momento dell\u2019utilizzazione dei nostri Siti e il modo in cui i dati personali vengono raccolti, condivisi e protetti.<\/span><\/p><div class=\"elementor-element elementor-element-299149a elementor-widget elementor-widget-text-editor\" data-id=\"299149a\" data-element_type=\"widget\" data-widget_type=\"text-editor.default\"><div class=\"elementor-widget-container\"><div class=\"elementor-text-editor elementor-clearfix\"><p>Ti preghiamo inoltre di leggere e consultare periodicamente anche le sezioni \u201cTermini di Utilizzo\u201d del Sito e le Condizioni di Vendita, che contengono importanti indicazioni relative anche al trattamento dei tuoi dati personali, verificando periodicamente la presenza di eventuali aggiornamenti o modifiche.<\/p><\/div><\/div><\/div><div class=\"elementor-element elementor-element-ac25e80 elementor-widget elementor-widget-spacer\" data-id=\"ac25e80\" data-element_type=\"widget\" data-widget_type=\"spacer.default\"><div class=\"elementor-widget-container\"><div class=\"elementor-spacer\"><div class=\"elementor-spacer-inner\">\u00a0<\/div><\/div><\/div><\/div><div class=\"elementor-element elementor-element-c31a799 elementor-widget elementor-widget-heading\" data-id=\"c31a799\" data-element_type=\"widget\" data-widget_type=\"heading.default\"><div class=\"elementor-widget-container\"><h2 class=\"elementor-size-medium\">1. TITOLARE DEL TRATTAMENTO<\/h2><\/div><\/div><div class=\"elementor-element elementor-element-17fd44d elementor-widget elementor-widget-text-editor\" data-id=\"17fd44d\" data-element_type=\"widget\" data-widget_type=\"text-editor.default\"><div class=\"elementor-widget-container\"><div class=\"elementor-text-editor elementor-clearfix\"><p>Il Titolare del trattamento dei dati \u00e8 la societ\u00e0:<br \/>WEGG S.r.l. \u2013 Via Fusinato, 42 \u2013 35137 Padova \u2013 Italy<br \/>P.IVA 03447430285 \u2022 Codice Fiscale 02371140233 \u2022 REA n. 311023<br \/>Tel: +39 049 8809910 \u2013 Fax: +39 0498825070<br \/>e-mail: info@wegg.it<\/p><\/div><\/div><\/div><div class=\"elementor-element elementor-element-4cf7c63 elementor-widget elementor-widget-spacer\" data-id=\"4cf7c63\" data-element_type=\"widget\" data-widget_type=\"spacer.default\"><div class=\"elementor-widget-container\"><div class=\"elementor-spacer\"><div class=\"elementor-spacer-inner\">\u00a0<\/div><\/div><\/div><\/div><div class=\"elementor-element elementor-element-cf698c9 elementor-widget elementor-widget-heading\" data-id=\"cf698c9\" data-element_type=\"widget\" data-widget_type=\"heading.default\"><div class=\"elementor-widget-container\"><h2 class=\"elementor-size-medium\">2. FINALIT\u00c0 DEL TRATTAMENTO<\/h2><\/div><\/div><div class=\"elementor-element elementor-element-5079dc8 elementor-widget elementor-widget-text-editor\" data-id=\"5079dc8\" data-element_type=\"widget\" data-widget_type=\"text-editor.default\"><div class=\"elementor-widget-container\"><div class=\"elementor-text-editor elementor-clearfix\"><p>Potranno essere richiesti alcuni dati personali al fine di fornire i servizi richiesti. In particolare:<\/p><ul><li>richiesta di informazioni mediante la compilazione del form di contatto o per via telematica.<\/li><\/ul><p>Utilizziamo i dati personali raccolti nei modi seguenti:<\/p><ul><li>dati di contatto, quali nome e cognome, indirizzo e-mail, attivit\u00e0 svolta, citt\u00e0 e provincia di residenza.<\/li><\/ul><\/div><\/div><\/div><div class=\"elementor-element elementor-element-ae51df2 elementor-widget elementor-widget-spacer\" data-id=\"ae51df2\" data-element_type=\"widget\" data-widget_type=\"spacer.default\"><div class=\"elementor-widget-container\"><div class=\"elementor-spacer\"><div class=\"elementor-spacer-inner\">\u00a0<\/div><\/div><\/div><\/div><div class=\"elementor-element elementor-element-09116d8 elementor-widget elementor-widget-heading\" data-id=\"09116d8\" data-element_type=\"widget\" data-widget_type=\"heading.default\"><div class=\"elementor-widget-container\"><h2 class=\"elementor-size-medium\">3. CONDIVISIONE DEI DATI PERSONALI<\/h2><\/div><\/div><div class=\"elementor-element elementor-element-379aba4 elementor-widget elementor-widget-text-editor\" data-id=\"379aba4\" data-element_type=\"widget\" data-widget_type=\"text-editor.default\"><div class=\"elementor-widget-container\"><div class=\"elementor-text-editor elementor-clearfix\"><p>I dati personali da te forniti saranno comunicati a terzi, quali responsabili del trattamento, in quanto legittimamente nominate da WEGG per svolgere attivit\u00e0 funzionali al raggiungimento delle finalit\u00e0 di cui al paragrafo 3. In ogni caso, i dati saranno trattati con le medesime garanzie di sicurezza e riservatezza offerte da WEGG.<br \/>Informazioni pi\u00f9 dettagliate sui nominativi dei responsabili del trattamento interni ed esterni potranno essere indirizzate scrivendo a\u00a0<a href=\"mailto:info@wegg.it\">info@wegg.it<\/a>.<\/p><p>I dati personali non saranno diffusi, venduti o scambiati con soggetti terzi, salvo nella misura necessaria a: (i) adeguarsi ad una richiesta del governo, un\u2019ordinanza del tribunale o per adempiere a leggi applicabili; (ii) impedire usi illegali dei nostri Siti; (iii) difendersi da rivendicazioni di terzi; e (iv) agevolare la prevenzione di frodi o l\u2019investigazione.<\/p><\/div><\/div><\/div><div class=\"elementor-element elementor-element-41fb2dd elementor-widget elementor-widget-spacer\" data-id=\"41fb2dd\" data-element_type=\"widget\" data-widget_type=\"spacer.default\"><div class=\"elementor-widget-container\"><div class=\"elementor-spacer\"><div class=\"elementor-spacer-inner\">\u00a0<\/div><\/div><\/div><\/div><div class=\"elementor-element elementor-element-065e960 elementor-widget elementor-widget-heading\" data-id=\"065e960\" data-element_type=\"widget\" data-widget_type=\"heading.default\"><div class=\"elementor-widget-container\"><h2 class=\"elementor-size-medium\">4. TEMPI DI CONSERVAZIONE DEI DATI PERSONALI<\/h2><\/div><\/div><div class=\"elementor-element elementor-element-196c7e4 elementor-widget elementor-widget-text-editor\" data-id=\"196c7e4\" data-element_type=\"widget\" data-widget_type=\"text-editor.default\"><div class=\"elementor-widget-container\"><div class=\"elementor-text-editor elementor-clearfix\"><p><strong>Conservazione dei dati<\/strong>: la conservazione dei dati personali avverr\u00e0 in forma cartacea e\/o elettronica\/informatica e per il tempo strettamente necessario al soddisfacimento delle finalit\u00e0 richieste, nel rispetto della tua privacy e delle normative vigenti.<\/p><p>Form di contatto: i dati personali saranno conservati in forma elettronica\/informatica e per il tempo strettamente necessario a rispondere alla richiesta effettuata dall\u2019utente.<\/p><p>Diritto all\u2019oblio: nel caso di esercizio del diritto all\u2019oblio attraverso richiesta di cancellazione espressa dei dati personali trattati dal titolare, le ricordiamo che tali dati saranno conservati, in forma protetta e con accesso limitato, unicamente per finalit\u00e0 di accertamento e repressione dei reati, per un periodo non superiore ai 12 mesi dalla data della richiesta e successivamente saranno cancellati in maniera sicura o anonimizzati in maniera irreversibile.<\/p><p>Traffico telematico: i dati relativi al traffico telematico, esclusi comunque i contenuti delle comunicazioni, saranno conservati per un periodo non superiore ai 6 anni dalla data di comunicazione, ai sensi dell\u2019art. 24 della Legge n. 167\/2017, che ha recepito la Direttiva UE 2017\/541 in materia di antiterrorismo.<\/p><\/div><\/div><\/div><div class=\"elementor-element elementor-element-2f92123 elementor-widget elementor-widget-spacer\" data-id=\"2f92123\" data-element_type=\"widget\" data-widget_type=\"spacer.default\"><div class=\"elementor-widget-container\"><div class=\"elementor-spacer\"><div class=\"elementor-spacer-inner\">\u00a0<\/div><\/div><\/div><\/div><div class=\"elementor-element elementor-element-22fb623 elementor-widget elementor-widget-heading\" data-id=\"22fb623\" data-element_type=\"widget\" data-widget_type=\"heading.default\"><div class=\"elementor-widget-container\"><h2 class=\"elementor-size-medium\">5. DIRITTI RELATIVI AI DATI PERSONALI<\/h2><\/div><\/div><div class=\"elementor-element elementor-element-203e139 elementor-widget elementor-widget-text-editor\" data-id=\"203e139\" data-element_type=\"widget\" data-widget_type=\"text-editor.default\"><div class=\"elementor-widget-container\"><div class=\"elementor-text-editor elementor-clearfix\"><p>Esercizio dei diritti<br \/>Ha diritto di ottenere dal Titolare del trattamento la conferma che sia o meno in corso un trattamento di dati personali che lo riguardano, inviando una mail all\u2019indirizzo info@wegg.it o scrivendo all\u2019indirizzo della sede legale di NETCOM. In tal caso ha il diritto di:<\/p><ul><li>ottenere l\u2019accesso ai dati personali, chiedere la rettifica o la cancellazione dei dati personali o la limitazione del trattamento dei dati personali che lo riguardano o di opporsi al loro trattamento;<\/li><li>di ricevere in un formato strutturato, di uso comune e leggibile da dispositivo automatico i dati personali che lo riguardano e ha il diritto di trasmettere tali dati a un altro titolare del trattamento (portabilit\u00e0 dei dati);<\/li><li>essere informato dell\u2019esistenza di un processo decisionale automatizzato, compresa la profilazione;<\/li><li>se espresso revocare il consenso in qualsiasi momento senza pregiudicare la liceit\u00e0 del trattamento basata sul consenso prestato prima della revoca;<\/li><li>proporre reclamo all\u2019autorit\u00e0 di controllo (Garante Privacy \u2013\u00a0<a href=\"https:\/\/www.garanteprivacy.it\/web\/guest\/home\/docweb\/-\/docweb-display\/docweb\/4535524\" target=\"_blank\" rel=\"noopener\">https:\/\/www.garanteprivacy.it\/web\/guest\/home\/docweb\/-\/docweb-display\/docweb\/4535524<\/a>).<\/li><\/ul><p>Cancellazione dei dati personali<br \/>La cancellazione verr\u00e0 effettuata nei tempi tecnici previsti ed in conformit\u00e0 al periodo di conservazione chiarito al paragrafo 5.<\/p><\/div><\/div><\/div><div class=\"elementor-element elementor-element-4024770 elementor-widget elementor-widget-spacer\" data-id=\"4024770\" data-element_type=\"widget\" data-widget_type=\"spacer.default\"><div class=\"elementor-widget-container\"><div class=\"elementor-spacer\"><div class=\"elementor-spacer-inner\">\u00a0<\/div><\/div><\/div><\/div><div class=\"elementor-element elementor-element-0d427dd elementor-widget elementor-widget-heading\" data-id=\"0d427dd\" data-element_type=\"widget\" data-widget_type=\"heading.default\"><div class=\"elementor-widget-container\"><h2 class=\"elementor-size-medium\">6. NATURA DEL CONFERIMENTO, CONSEGUENZE DEL RIFIUTO A RISPONDERE AL CONSENSO<\/h2><\/div><\/div><div class=\"elementor-element elementor-element-b18ae24 elementor-widget elementor-widget-text-editor\" data-id=\"b18ae24\" data-element_type=\"widget\" data-widget_type=\"text-editor.default\"><div class=\"elementor-widget-container\"><div class=\"elementor-text-editor elementor-clearfix\"><p>A parte quanto specificato per i dati di navigazione, il conferimento dei dati \u00e8 facoltativo ed \u00e8 rimesso alla volont\u00e0 dell\u2019utente. Tuttavia il mancato conferimento dei dati richiesti comporta l\u2019impossibilit\u00e0 di dar seguito allo specifico servizio richiesto. Il consenso al trattamento dei suddetti dati \u00e8 necessario in quanto gli stessi sono raccolti fuori da accordi contrattuali pregressi.<\/p><p>Per dar luogo al corretto trattamento dei dati \u00e8 necessario compilare almeno i campi contrassegnati da asterisco, in quanto indispensabili per l\u2019erogazione del servizio.<\/p><p>Si prega, inoltre, di spuntare le rispettive caselle di autorizzazione al trattamento dei dati personali per accedere ai servizi descritti al paragrafo 3 \u2013 finalit\u00e0.<\/p><\/div><\/div><\/div><div class=\"elementor-element elementor-element-ca825aa elementor-widget elementor-widget-spacer\" data-id=\"ca825aa\" data-element_type=\"widget\" data-widget_type=\"spacer.default\"><div class=\"elementor-widget-container\"><div class=\"elementor-spacer\"><div class=\"elementor-spacer-inner\">\u00a0<\/div><\/div><\/div><\/div><div class=\"elementor-element elementor-element-5be8a34 elementor-widget elementor-widget-heading\" data-id=\"5be8a34\" data-element_type=\"widget\" data-widget_type=\"heading.default\"><div class=\"elementor-widget-container\"><h2 class=\"elementor-size-medium\">DOMANDE E FEEDBACKS<\/h2><\/div><\/div><div class=\"elementor-element elementor-element-65e54d2 elementor-widget elementor-widget-text-editor\" data-id=\"65e54d2\" data-element_type=\"widget\" data-widget_type=\"text-editor.default\"><div class=\"elementor-widget-container\"><div class=\"elementor-text-editor elementor-clearfix\"><p>Accogliamo con favore domande, commenti e dubbi sulla nostra Policy. Se si desidera fornire un feedback o se si hanno domande o dubbi ovvero si desideri esercitare i propri diritti relativi ai dati personali, preghiamo di contattare i riferimenti riportati nella sezione Titolare del trattamento.<\/p><\/div><\/div><\/div>\t\t\t\t\t\t\t\t<\/div>\n\t\t\t\t<\/div>\n\t\t\t\t\t<\/div>\n\t\t<\/div>\n\t\t\t\t\t<\/div>\n\t\t<\/section>\n\t\t\t\t<\/div>","protected":false},"excerpt":{"rendered":"<p>Benvenuto sul nostro sito web: ti preghiamo di leggere attentamente la nostra Privacy Policy (d\u2019ora in avanti \u201cPolicy\u201d), che si applica in ogni caso in cui tu acceda al Sito e decida di navigare al suo interno e\/o di utilizzare i suoi servizi, anche indipendentemente dall\u2019acquisto di prodotti. Questa Privacy Policy descrive i dati personali [&hellip;]<\/p>\n","protected":false},"author":8827,"featured_media":0,"parent":0,"menu_order":0,"comment_status":"closed","ping_status":"open","template":"","meta":{"inline_featured_image":false,"footnotes":""},"class_list":["post-3","page","type-page","status-publish","hentry"],"yoast_head":"<!-- This site is optimized with the Yoast SEO plugin v27.1.1 - https:\/\/yoast.com\/product\/yoast-seo-wordpress\/ -->\n<title>Privacy Policy - WEGG<\/title>\n<meta name=\"robots\" content=\"noindex, follow\" \/>\n<meta property=\"og:locale\" content=\"en_US\" \/>\n<meta property=\"og:type\" content=\"article\" \/>\n<meta property=\"og:title\" content=\"Privacy Policy - WEGG\" \/>\n<meta property=\"og:description\" content=\"Benvenuto sul nostro sito web: ti preghiamo di leggere attentamente la nostra Privacy Policy (d\u2019ora in avanti \u201cPolicy\u201d), che si applica in ogni caso in cui tu acceda al Sito e decida di navigare al suo interno e\/o di utilizzare i suoi servizi, anche indipendentemente dall\u2019acquisto di prodotti. Questa Privacy Policy descrive i dati personali [&hellip;]\" \/>\n<meta property=\"og:url\" content=\"https:\/\/wegg.it\/eng\/privacy-policy\/\" \/>\n<meta property=\"og:site_name\" content=\"WEGG\" \/>\n<meta property=\"article:modified_time\" content=\"2023-05-19T12:08:03+00:00\" \/>\n<meta name=\"twitter:card\" content=\"summary_large_image\" \/>\n<meta name=\"twitter:label1\" content=\"Est. reading time\" \/>\n\t<meta name=\"twitter:data1\" content=\"9 minutes\" \/>\n<script type=\"application\/ld+json\" class=\"yoast-schema-graph\">{\"@context\":\"https:\/\/schema.org\",\"@graph\":[{\"@type\":\"WebPage\",\"@id\":\"https:\/\/wegg.it\/privacy-policy\/\",\"url\":\"https:\/\/wegg.it\/privacy-policy\/\",\"name\":\"Privacy Policy - WEGG\",\"isPartOf\":{\"@id\":\"https:\/\/www.wegg.it\/#website\"},\"datePublished\":\"2022-03-21T14:17:52+00:00\",\"dateModified\":\"2023-05-19T12:08:03+00:00\",\"breadcrumb\":{\"@id\":\"https:\/\/wegg.it\/privacy-policy\/#breadcrumb\"},\"inLanguage\":\"en-US\",\"potentialAction\":[{\"@type\":\"ReadAction\",\"target\":[\"https:\/\/wegg.it\/privacy-policy\/\"]}]},{\"@type\":\"BreadcrumbList\",\"@id\":\"https:\/\/wegg.it\/privacy-policy\/#breadcrumb\",\"itemListElement\":[{\"@type\":\"ListItem\",\"position\":1,\"name\":\"Home\",\"item\":\"https:\/\/wegg.it\/\"},{\"@type\":\"ListItem\",\"position\":2,\"name\":\"Privacy Policy\"}]},{\"@type\":\"WebSite\",\"@id\":\"https:\/\/www.wegg.it\/#website\",\"url\":\"https:\/\/www.wegg.it\/\",\"name\":\"WEGG\",\"description\":\"The Impact factory\",\"publisher\":{\"@id\":\"https:\/\/www.wegg.it\/#organization\"},\"potentialAction\":[{\"@type\":\"SearchAction\",\"target\":{\"@type\":\"EntryPoint\",\"urlTemplate\":\"https:\/\/www.wegg.it\/?s={search_term_string}\"},\"query-input\":{\"@type\":\"PropertyValueSpecification\",\"valueRequired\":true,\"valueName\":\"search_term_string\"}}],\"inLanguage\":\"en-US\"},{\"@type\":\"Organization\",\"@id\":\"https:\/\/www.wegg.it\/#organization\",\"name\":\"WEGG\",\"url\":\"https:\/\/www.wegg.it\/\",\"logo\":{\"@type\":\"ImageObject\",\"inLanguage\":\"en-US\",\"@id\":\"https:\/\/www.wegg.it\/#\/schema\/logo\/image\/\",\"url\":\"https:\/\/wegg.it\/wp-content\/uploads\/2022\/03\/cropped-WEGG-marchio-RGB.png\",\"contentUrl\":\"https:\/\/wegg.it\/wp-content\/uploads\/2022\/03\/cropped-WEGG-marchio-RGB.png\",\"width\":968,\"height\":236,\"caption\":\"WEGG\"},\"image\":{\"@id\":\"https:\/\/www.wegg.it\/#\/schema\/logo\/image\/\"},\"sameAs\":[\"https:\/\/it.linkedin.com\/company\/wegg-theimpactfactory\"]}]}<\/script>\n<!-- \/ Yoast SEO plugin. -->","yoast_head_json":{"title":"Privacy Policy - WEGG","robots":{"index":"noindex","follow":"follow"},"og_locale":"en_US","og_type":"article","og_title":"Privacy Policy - WEGG","og_description":"Benvenuto sul nostro sito web: ti preghiamo di leggere attentamente la nostra Privacy Policy (d\u2019ora in avanti \u201cPolicy\u201d), che si applica in ogni caso in cui tu acceda al Sito e decida di navigare al suo interno e\/o di utilizzare i suoi servizi, anche indipendentemente dall\u2019acquisto di prodotti. Questa Privacy Policy descrive i dati personali [&hellip;]","og_url":"https:\/\/wegg.it\/eng\/privacy-policy\/","og_site_name":"WEGG","article_modified_time":"2023-05-19T12:08:03+00:00","twitter_card":"summary_large_image","twitter_misc":{"Est. reading time":"9 minutes"},"schema":{"@context":"https:\/\/schema.org","@graph":[{"@type":"WebPage","@id":"https:\/\/wegg.it\/privacy-policy\/","url":"https:\/\/wegg.it\/privacy-policy\/","name":"Privacy Policy - WEGG","isPartOf":{"@id":"https:\/\/www.wegg.it\/#website"},"datePublished":"2022-03-21T14:17:52+00:00","dateModified":"2023-05-19T12:08:03+00:00","breadcrumb":{"@id":"https:\/\/wegg.it\/privacy-policy\/#breadcrumb"},"inLanguage":"en-US","potentialAction":[{"@type":"ReadAction","target":["https:\/\/wegg.it\/privacy-policy\/"]}]},{"@type":"BreadcrumbList","@id":"https:\/\/wegg.it\/privacy-policy\/#breadcrumb","itemListElement":[{"@type":"ListItem","position":1,"name":"Home","item":"https:\/\/wegg.it\/"},{"@type":"ListItem","position":2,"name":"Privacy Policy"}]},{"@type":"WebSite","@id":"https:\/\/www.wegg.it\/#website","url":"https:\/\/www.wegg.it\/","name":"WEGG","description":"The Impact factory","publisher":{"@id":"https:\/\/www.wegg.it\/#organization"},"potentialAction":[{"@type":"SearchAction","target":{"@type":"EntryPoint","urlTemplate":"https:\/\/www.wegg.it\/?s={search_term_string}"},"query-input":{"@type":"PropertyValueSpecification","valueRequired":true,"valueName":"search_term_string"}}],"inLanguage":"en-US"},{"@type":"Organization","@id":"https:\/\/www.wegg.it\/#organization","name":"WEGG","url":"https:\/\/www.wegg.it\/","logo":{"@type":"ImageObject","inLanguage":"en-US","@id":"https:\/\/www.wegg.it\/#\/schema\/logo\/image\/","url":"https:\/\/wegg.it\/wp-content\/uploads\/2022\/03\/cropped-WEGG-marchio-RGB.png","contentUrl":"https:\/\/wegg.it\/wp-content\/uploads\/2022\/03\/cropped-WEGG-marchio-RGB.png","width":968,"height":236,"caption":"WEGG"},"image":{"@id":"https:\/\/www.wegg.it\/#\/schema\/logo\/image\/"},"sameAs":["https:\/\/it.linkedin.com\/company\/wegg-theimpactfactory"]}]}},"_links":{"self":[{"href":"https:\/\/wegg.it\/eng\/wp-json\/wp\/v2\/pages\/3","targetHints":{"allow":["GET"]}}],"collection":[{"href":"https:\/\/wegg.it\/eng\/wp-json\/wp\/v2\/pages"}],"about":[{"href":"https:\/\/wegg.it\/eng\/wp-json\/wp\/v2\/types\/page"}],"author":[{"embeddable":true,"href":"https:\/\/wegg.it\/eng\/wp-json\/wp\/v2\/users\/8827"}],"replies":[{"embeddable":true,"href":"https:\/\/wegg.it\/eng\/wp-json\/wp\/v2\/comments?post=3"}],"version-history":[{"count":11,"href":"https:\/\/wegg.it\/eng\/wp-json\/wp\/v2\/pages\/3\/revisions"}],"predecessor-version":[{"id":42596,"href":"https:\/\/wegg.it\/eng\/wp-json\/wp\/v2\/pages\/3\/revisions\/42596"}],"wp:attachment":[{"href":"https:\/\/wegg.it\/eng\/wp-json\/wp\/v2\/media?parent=3"}],"curies":[{"name":"wp","href":"https:\/\/api.w.org\/{rel}","templated":true}]}}